{"id":43,"date":"2013-09-16T13:11:20","date_gmt":"2013-09-16T11:11:20","guid":{"rendered":"http:\/\/v3.itam.ch\/?page_id=43"},"modified":"2014-04-09T10:59:56","modified_gmt":"2014-04-09T08:59:56","slug":"end-of-support","status":"publish","type":"page","link":"https:\/\/www.itam.ch\/?page_id=43","title":{"rendered":"End of Support"},"content":{"rendered":"<h1>&#8222;End Of Support&#8220; von Microsoft-Produkten<\/h1>\n<p>Microsoft hat das Ende der Support-Zeit f\u00fcr folgende (und weitere) Produkte auf den 8 April 2014 festgelegt:<\/p>\n<ul>\n<li>Office 2003 mit Service Pack 3* (alle Versionen)<\/li>\n<li>Windows XP Service Pack 3*<\/li>\n<li>Windows Small Business Server 2003<\/li>\n<li>Exchange 2003 mit Service Pack 2*<\/li>\n<\/ul>\n<p>* \u00e4ltere Versionen werden schon l\u00e4nger nicht mehr unterst\u00fctzt<\/p>\n<h1>Was bedeutet &#8222;End Of Support&#8220; bei Microsoft?<\/h1>\n<p>Support (dt.: Unterst\u00fctzung) heisst nicht prim\u00e4r, dass man den Hersteller anrufen kann und dieser unterst\u00fctzt\u00a0bei der L\u00f6sung\u00a0von Problemen mit seinen Produkten, sondern der Hersteller\u00a0unterst\u00fctzt diese Software bei der Entwicklung neuer Software, die davon abh\u00e4ngt oder damit zusammenarbeiten soll.<\/p>\n<p>Gleiches gilt nat\u00fcrlich sinngem\u00e4ss\u00a0f\u00fcr Hersteller von Hardware die diese Software, im speziellen Betriebssysteme wie Windows XP,\u00a0bei der Entwicklung ber\u00fccksichtigen und Treiber, Tools etc. daf\u00fcr entwickeln.<\/p>\n<p>Microsoft hat f\u00fcr den Produktlebenszyklus 2 Phasen definiert (mehr Infos dazu <a href=\"http:\/\/support.microsoft.com\/default.aspx?scid=fh;[ln];lifecycle\" target=\"_blank\">hier<\/a>):<\/p>\n<h2>Mainstream Support<\/h2>\n<p>Dieser dauert in der Regel 5 Jahre und bedeutet, dass in dieser Zeit f\u00fcr das Basisprodukt sogenannte Service Packs entwickelt werden. Service Packs beinhalten alle bisherigen Updates, d.h. die Beseitigung von Fehlern, im besonderen auch Sicherheitsrelevante Fehler,\u00a0als auch neue Funktionen resp. die Erweiterung von bestehenden Funktionen.<\/p>\n<p>Ein Beispiel f\u00fcr die Erweiterung von bestehenden Funktionen ist das Service Pack 2 f\u00fcr Exchange 2003 mit dem die maximale Datenbank-Gr\u00f6sse von 16 auf 72 GB vergr\u00f6ssert wurde.<\/p>\n<h2>Extended Support<\/h2>\n<p>In dieser, theoretisch ebenfalls 5 Jahre dauernden 2. Produktphase, werden ausschliesslich Fehler behoben. Bei den meisten Produkten wurde diese Support-Phase verl\u00e4ngert. Wichtig: Die Produkte werden in dieser Phase funktional nicht mehr ausgebaut. Auch Kompatibilit\u00e4tsanpassungen an neuere Produkte werden nicht mehr eingebaut.<\/p>\n<p>Ein Beispiel hierf\u00fcr ist Office 2003. Bis zum oben erw\u00e4hnten Datum wird dieses zwar noch mit Updates zur Fehlerbehebung bedient, wobei der Fokus\u00a0dabei eindeutig auf Sicherheit liegt. Da das Produkt nicht mehr weiterentwickelt wird, wird es von Exchange 2010 nicht mehr unterst\u00fctzt.<\/p>\n<h1>&#8222;End Of Support&#8220;, kurz EOS bedeutet:<\/h1>\n<p>EOS definiert das Ende der zweiten Support-Phase (Extended Support). Danach gibt es keinerlei Updates mehr. Danach bekannt gewordene Sicherheits-Probleme werden nicht mehr behoben. Bei Neuentwicklungen werden diese Produkte nicht mehr ber\u00fccksichtigt.<\/p>\n<p>Mindestens so wichtig ist auch die Unterst\u00fctzung von Soft- und Hardware-Herstellern. Auch diese werden die Unterst\u00fctzung der alten Software einstellen, das heisst:<\/p>\n<ul>\n<li>Keine Treiber f\u00fcr EOS Betriebssysteme: Neue Hardware wie z.B.\u00a0Grafikkarten, Drucker etc. erhalten keine Unterst\u00fctzung f\u00fcr z.B. Windows XP mehr.<\/li>\n<li>Keine Anpassungen in Software f\u00fcr EOS-Betriebssysteme. Ein Beispiel kommt aus dem Haus Microsoft selbst: Der Webbrowser Internet Explorer wird seit der Version 9 nicht mehr f\u00fcr Windows XP angepasst.<\/li>\n<\/ul>\n<p>Unabh\u00e4ngig von den obigen Beispielen\u00a0stellen wir bereits heute folgende Kompatibilit\u00e4tsprobleme wegen mangelnder Nachf\u00fchrung f\u00fcr neue Technologien fest:<\/p>\n<ul>\n<li>Exchange Server 2003 mit Service Pack 2: Synchronisationsprobleme mit iOS-Ger\u00e4ten (iPhone, iPad). Ger\u00e4te mit Android\u00a0oder Windows Phone sind nicht davon betroffen.<\/li>\n<li>Software, die mit der Filesharing Datenbank von Visual FoxPro (EOS 13.01.2015) programmiert wurde, unterst\u00fctzt die neuen Protokolle von Windows Server 2008\/Vista nicht. Es gibt aber die M\u00f6glichkeit, die neuen Protokolle zu deaktivieren.<\/li>\n<\/ul>\n<p>Diese Entwicklung wird in den kommenden Monaten zunehmen.<\/p>\n<h1>Kann man\u00a0EOS Software noch weiter benutzen?<\/h1>\n<p>Theoretisch ja, sofern alle Soft- und Hardware diese noch unterst\u00fctzen.<\/p>\n<p>ABER: Da es keine Updates, und vor allem keine Sicherheitsupdates, mehr geben wird, werden solche Systeme zum Sicherheitsrisiko. Auch eine Antivirensoftware mit aktuellen Signaturdateien ist oft machtlos gegen Sicherheitsl\u00fccken, zumal bei der Programmierung dieser\u00a0Software das Thema Sicherheit bei weitem noch nicht die heutige Bedeutung hatte.\u00a0Alte Software hat deshalb strukturelle Sicherheitsprobleme die nur darauf wartet entdeckt und missbraucht zu werden.<\/p>\n<p>Wir raten deshalb dringendst davon ab. Planen Sie fr\u00fchzeitig die Abl\u00f6sung obiger Software. Wir helfen und beraten Sie gerne dabei.<\/p>\n","protected":false},"excerpt":{"rendered":"<p>&#8222;End Of Support&#8220; von Microsoft-Produkten Microsoft hat das Ende der Support-Zeit f\u00fcr folgende (und weitere) Produkte auf den 8 April 2014 festgelegt: Office 2003 mit Service Pack 3* (alle Versionen) Windows XP Service Pack 3* Windows Small Business Server 2003 &hellip; <a href=\"https:\/\/www.itam.ch\/?page_id=43\">Weiterlesen <span class=\"meta-nav\">&rarr;<\/span><\/a><\/p>\n","protected":false},"author":3,"featured_media":0,"parent":0,"menu_order":0,"comment_status":"closed","ping_status":"closed","template":"","meta":{"footnotes":""},"class_list":["post-43","page","type-page","status-publish","hentry"],"_links":{"self":[{"href":"https:\/\/www.itam.ch\/index.php?rest_route=\/wp\/v2\/pages\/43","targetHints":{"allow":["GET"]}}],"collection":[{"href":"https:\/\/www.itam.ch\/index.php?rest_route=\/wp\/v2\/pages"}],"about":[{"href":"https:\/\/www.itam.ch\/index.php?rest_route=\/wp\/v2\/types\/page"}],"author":[{"embeddable":true,"href":"https:\/\/www.itam.ch\/index.php?rest_route=\/wp\/v2\/users\/3"}],"replies":[{"embeddable":true,"href":"https:\/\/www.itam.ch\/index.php?rest_route=%2Fwp%2Fv2%2Fcomments&post=43"}],"version-history":[{"count":4,"href":"https:\/\/www.itam.ch\/index.php?rest_route=\/wp\/v2\/pages\/43\/revisions"}],"predecessor-version":[{"id":292,"href":"https:\/\/www.itam.ch\/index.php?rest_route=\/wp\/v2\/pages\/43\/revisions\/292"}],"wp:attachment":[{"href":"https:\/\/www.itam.ch\/index.php?rest_route=%2Fwp%2Fv2%2Fmedia&parent=43"}],"curies":[{"name":"wp","href":"https:\/\/api.w.org\/{rel}","templated":true}]}}