{"id":28,"date":"2013-09-15T16:21:23","date_gmt":"2013-09-15T14:21:23","guid":{"rendered":"http:\/\/v3.itam.ch\/?page_id=28"},"modified":"2013-09-17T14:52:34","modified_gmt":"2013-09-17T12:52:34","slug":"loesungen","status":"publish","type":"page","link":"https:\/\/www.itam.ch\/?page_id=28","title":{"rendered":"Cloud-L\u00f6sungen"},"content":{"rendered":"<p>Cloud ist zur Zeit das Thema in der Informatik. Auch wir verwenden diesen Ausdruck immer h\u00e4ufiger f\u00fcr unsere Leistungen. Aber was ist nun diese Cloud, was bringt sie, was kann man davon erwarten. Diese Themen wollen wir in diesem Artikel etwas beleuchten.<\/p>\n<h1>Was ist die Cloud?<\/h1>\n<p>Cloud, oder zu deutsch Wolke, ist ein sehr guter Begriff und will einfach mal sagen, dass es nicht greifbar ist. Die Cloud kann alles oder nichts, wichtig: Ich weiss nicht wo. Irgendwo im Internet steht ein Computer (in der Regele mehrere, d.h. hunderte, tausende&#8230;) die erbringen mir, resp. meinem Client-Computer (Smartphones etc. eingeschlossen)\u00a0eine Leistung. Mir als Anwender ist, resp.\u00a0sollte es zumindest, egal sein welcher Computer diese Leistung erbringt, mich interessiert nur das Ergebnis. Die Arbeit delegiere ich in die Cloud. Im Gegensatz dazu bekommt mein Client weniger zu tun. Pl\u00f6tzlichen reichen auch Smartphones um die komplexesten Arbeiten zu erledigen. Nat\u00fcrlich gibt es weitere Aspekte die die Cloud ausmacht. Im Moment gen\u00fcgt es aber f\u00fcr die weiteren Erkl\u00e4rungen. Eine gute, ausf\u00fchrliche Erkl\u00e4rung ist auf <a href=\"http:\/\/de.wikipedia.org\/wiki\/Cloud-Computing\">Wikipedia <\/a>zu finden.<\/p>\n<p>So gesehen kann jeder Dienst, der irgendwie im Internet eine Leistung erbringt, als Cloud-Dienst bezeichnet werden. Ein Beispiel daf\u00fcr\u00a0ist unser Cloud-Service &#8222;Mailfilter&#8220;. Aus Sicht des Anwenders erbringt irgendein Computer im Netzwerk die Dienstleistung, die eingehenden Mails so zu filtern, dass ich in meiner Mailbox m\u00f6glichst keine Spam-Mails oder mit Viren verseuchte Mails erhalte.<\/p>\n<p>Die Cloud kann in folgende 3 Organisationsformen unterteilt werden:<\/p>\n<ul>\n<li>Public Cloud: Eine Public Cloud ist \u00f6ffentlich zug\u00e4nglich, d.h. der Nutzerkreis ist nicht auf eine Person oder Organisation eingeschr\u00e4nkt.<\/li>\n<li>Private Cloud: Man kann die Cloud Technologien auch im internen Firmennetzwerk nutzen und so den Anwendern zur Verf\u00fcgung stellen. Der Zugriff ist grunds\u00e4tzlich auf die eigene Organisation beschr\u00e4nkt.<\/li>\n<li>Hybride Cloud: Als Hybride Cloud wird eine Private Cloud bezeichnet, wenn diese durch Public Cloud erg\u00e4nzt wird. So k\u00f6nnen einzelne Plattformen wie z.B. E-Mail in der Public Cloud, die Business Software aus Gr\u00fcnden der Vertraulichkeit in einer Privat Cloud genutzt werden. Oder man nutzt die Public Cloud als redundanz-System. Bei Ausfall wichtiger Teile der Privat Cloud werden diese in der Public Cloud weiterbetrieben.<\/li>\n<\/ul>\n<h1>Was kann die Cloud?<\/h1>\n<p>Viel, aber nach unseren Erfahrungen nicht alles. Es gibt da einige technische Voraussetzungen um eine Anwendung in der Cloud anbieten zu k\u00f6nnen die aber noch l\u00e4ngst nicht alle Software erf\u00fcllt, in einzelnen F\u00e4llen nicht erf\u00fcllen soll resp. muss. Oft ist es vor allem spezialisierte Software die nicht Cloud-F\u00e4hig ist. Auch die Integration verschiedener Software kann einen Einsatz in der Cloud verhindern. Ebenso oft ist es auch die Cloud selbst, die einen Einsatz verhindert, resp. zu einer Privat Cloud zwingt, sobald Daten vertraulich behandelt werden m\u00fcssen.<\/p>\n<p>Grunds\u00e4tzlich wird zwischen 3 Ebenen des Cloud Computings unterschieden:<\/p>\n<ul>\n<li>Infrastruktur: Dienste\u00a0auf denen auch eigene Angebote aufgebaut werden k\u00f6nnen: Dies umfasst z.B. Speicher, virtuelle Netzwerke aber auch virtuelle Server.<\/li>\n<li>Plattform: Dienste, mit denen Anwendungen aufgebaut werden k\u00f6nnen wie z.B. Datenbankserver, Mailserver, Webserver etc.<\/li>\n<li>Anwendungen (= SaaS, d.h. Software as a Service): Anwendungen die in der Cloud heute verf\u00fcgbar sind:\n<ul>\n<li>Office<\/li>\n<li>Business-Software (europa3000, ABACUS)<\/li>\n<li>CRM-Software von Microsoft<\/li>\n<li>Publishing (Adobe)<\/li>\n<\/ul>\n<\/li>\n<\/ul>\n<p>Durch den geschickten Einsatz aller Cloud-Ebenen und der Nutzung einer Hybrid Cloud k\u00f6nnen heute wohl fast alle Anwendungen als Cloud-Dienst betrieben werden.<\/p>\n<p><strong>Vorteile von Cloud Computing<\/strong><\/p>\n<p>Grunds\u00e4tzlich geht es darum einerseits Kosten zu senken, flexibel zu bleiben und Risiken zu minimieren.<\/p>\n<p><strong>Kosten senken:<\/strong> Werden Anwendungen in der Public Cloud genutzt, werden in der Regele nicht die Anwendungen, sondern deren Nutzung, z.B. nach Anwender CPU-Zeit, Speicherbedarf etc.\u00a0verrechnet. Durch die gemeinsame Nutzung mit anderen Organisationen der gleichen Rechner k\u00f6nnen Kosten f\u00fcr die Installation, Hardware etc. besser verteilt werden.<\/p>\n<p><strong>Flexibel bleiben:<\/strong> M\u00fcssen Inhouse Server f\u00fcr neue Nutzerlasten ausgebaut werden ist dies meist mit einem gr\u00f6sseren Aufwand, einem Projekt und entsprechenden Kosten und Durchlaufzeiten Verbunden. In der Cloud kann dies im einfachsten Fall\u00a0durch etwas Konfiguration gel\u00f6st, wenn es aufwendiger wird, auf einen Leistungsf\u00e4higeren Server umgestiegen werden. Es sind kaum zus\u00e4tzliche Investitionen n\u00f6tig da die Verrechnung ja nach Gebrauch erfolgt.<\/p>\n<p>Wichtig ist, den Leistungsvertrag genau zu studieren. Oft geht das Erweitern von Leistungen bedeutend einfacher als das Reduzieren, d.h. die gewonnene Flexibilit\u00e4t geht nur in eine Richtung. Lange K\u00fcndigungsfristen sind ebenso hinderlich.<\/p>\n<p><strong>Risiken minimieren:<\/strong> Die Abh\u00e4ngigkeiten von den heutigen Computersystemen ist derart gross, dass ein Unternehmen ohne zum Stillstand kommt. Gegen diese Risiken muss man sich wappnen mit USV, Datensicherung, ausfallsichere Rechnersystem (Cluster) usw. Demgegen\u00fcber sind Cloudsysteme per Definition (fast) Ausfallsicher, d.h. das Risiko ist an den Cloud-Betreiber delegiert und im Nutzungspreis eingeschlossen.<\/p>\n<p><strong>Nachteile und Gefahren<\/strong><\/p>\n<p>Alles hat seinen Preis, und so ist auch Cloud-Computing nicht die L\u00f6sung schlechthin. Hier ein paar Aspekte die zu beachten sind:<\/p>\n<ul>\n<li>Sollen vertrauliche Daten in der Cloud gespeichert werden, m\u00fcssen diese verschl\u00fcsselt werden, und zwar in der Art, dass auch der Cloudbetreiber keinen Zugriff darauf hat. Nicht alle Cloud-Angebote bieten diese M\u00f6glichkeiten. Vertrauliche Daten geh\u00f6ren deshalb eher nicht in Cloud. Da verschieden Cloud-Anwendungen auch Speicherplatz bereitstellen muss auch organisatorisch und\/oder technisch darauf geachtet werden, dass vertrauliche Daten nicht in die Cloud \u00fcbertragen werden.<\/li>\n<li>Je mehr Dienste und Anwendungen in der Cloud genutzt werden, umso wichtiger wird der Internet-Anschluss resp. die Abh\u00e4ngigkeit davon. Geschwindigkeit und allf\u00e4llige Redundanzen m\u00fcssen den Anforderungen angepasst werden.<\/li>\n<li>Nicht f\u00fcr alle Dienste und Anwendungen gibt es ein Cloud-Angebot. Meist ist nur eine Hybrid Cloud m\u00f6glich. Dies verteuert die verbleibende interne Infrastruktur und muss deshalb bei Kosten\u00fcberlegungen mit einbezogen werden.<\/li>\n<li>Locked-In Problem: Ist mal eine Anwendungsplattform in der Cloud wird es sehr aufwendig, sprich teuer, diese wieder zur\u00fcck zu holen. Wird ein Vertrag gek\u00fcndigt hat man in der Regel nichts, da Hard- und Software nur gemietet wurden.\u00a0Die Abh\u00e4ngigkeit vom Cloud Betreiber ist in der Regel sehr gross.<\/li>\n<\/ul>\n<h2>Fazit<\/h2>\n<p>Cloud-Computing bietet enorme M\u00f6glichkeiten, insbesondere f\u00fcr ganz kleine Unternehmen, da ausser einem Client keine Infrastruktur notwendig ist, trotzdem eine komplexe, umfassende Infrastruktur genutzt werden kann.<\/p>\n<p>Trotzdem gilt es einige wichtige Punkte beim Einstieg in die Cloud genau zu beachten. <strong>Wir helfen Ihnen dabei.<\/strong><\/p>\n","protected":false},"excerpt":{"rendered":"<p>Cloud ist zur Zeit das Thema in der Informatik. Auch wir verwenden diesen Ausdruck immer h\u00e4ufiger f\u00fcr unsere Leistungen. Aber was ist nun diese Cloud, was bringt sie, was kann man davon erwarten. Diese Themen wollen wir in diesem Artikel &hellip; <a href=\"https:\/\/www.itam.ch\/?page_id=28\">Weiterlesen <span class=\"meta-nav\">&rarr;<\/span><\/a><\/p>\n","protected":false},"author":3,"featured_media":0,"parent":0,"menu_order":0,"comment_status":"closed","ping_status":"closed","template":"","meta":{"footnotes":""},"class_list":["post-28","page","type-page","status-publish","hentry"],"_links":{"self":[{"href":"https:\/\/www.itam.ch\/index.php?rest_route=\/wp\/v2\/pages\/28","targetHints":{"allow":["GET"]}}],"collection":[{"href":"https:\/\/www.itam.ch\/index.php?rest_route=\/wp\/v2\/pages"}],"about":[{"href":"https:\/\/www.itam.ch\/index.php?rest_route=\/wp\/v2\/types\/page"}],"author":[{"embeddable":true,"href":"https:\/\/www.itam.ch\/index.php?rest_route=\/wp\/v2\/users\/3"}],"replies":[{"embeddable":true,"href":"https:\/\/www.itam.ch\/index.php?rest_route=%2Fwp%2Fv2%2Fcomments&post=28"}],"version-history":[{"count":13,"href":"https:\/\/www.itam.ch\/index.php?rest_route=\/wp\/v2\/pages\/28\/revisions"}],"predecessor-version":[{"id":193,"href":"https:\/\/www.itam.ch\/index.php?rest_route=\/wp\/v2\/pages\/28\/revisions\/193"}],"wp:attachment":[{"href":"https:\/\/www.itam.ch\/index.php?rest_route=%2Fwp%2Fv2%2Fmedia&parent=28"}],"curies":[{"name":"wp","href":"https:\/\/api.w.org\/{rel}","templated":true}]}}