{"id":259,"date":"2013-10-08T11:53:20","date_gmt":"2013-10-08T09:53:20","guid":{"rendered":"http:\/\/www.itam.ch\/?page_id=259"},"modified":"2013-10-08T11:53:20","modified_gmt":"2013-10-08T09:53:20","slug":"unser-angebot","status":"publish","type":"page","link":"https:\/\/www.itam.ch\/?page_id=259","title":{"rendered":"Unser Angebot"},"content":{"rendered":"<p>Getreu unserem Motto &#8222;&#8230; mehr als nur Computer&#8220;\u00a0umfasst unser Angebot alle EDV-Belange die f\u00fcr Kleinst-KMU bis ca. 100 Arbeitspl\u00e4tze von Bedeutung sind. Wo uns Kompetenzen fehlen, erg\u00e4nzen wir diese mit Partnern. Hier eine kurze Liste unseres Angebots:<\/p>\n<ul>\n<li>Beratung, L\u00f6sungssuche, Evaluation f\u00fcr Systeme, Software,\u00a0Partner\/Lieferanten usw.<\/li>\n<li>Beratung und Aufbau f\u00fcr Business-L\u00f6sungen basierend auf europa3000 (ERP-System)\u00a0und DOCUframe (Dokumentarchiv, CRM&#8230;)<\/li>\n<li>Aufbau, Unterhalt und Hosting einfacher Websites\u00a0realisiert mit\u00a0WordPress<\/li>\n<li>Installation, Migration und Wartung\u00a0von Serverinfrastrukturen basierend auf Microsoft Technologien, physisch und\/oder virtuell<\/li>\n<li>Installation und Wartung von Clientsystem basierend auf Microsoft Technologien inkl. Peripherie<\/li>\n<li>Planen, einrichten und integrieren von Microsoft Cloud-L\u00f6sungen in bestehende Infrastrukturen. <a title=\"Microsoft Cloud\" href=\"http:\/\/www.itam.ch\/?page_id=194\">Mehr&#8230;<\/a><\/li>\n<li>Planen und implementieren von VoIP Telefonie-L\u00f6sungen. <a title=\"VoIP-L\u00f6sungen\" href=\"http:\/\/www.itam.ch\/?page_id=244\">Mehr&#8230;<\/a><\/li>\n<li>Aufbau und Betrieb eigener Cloud-L\u00f6sungen zur Erg\u00e4nzung und Unterst\u00fctzung unserer Kunden (Beispiele: <a title=\"Cloud-Service: Mailfilter\" href=\"http:\/\/www.itam.ch\/?page_id=139\">Mailfilter<\/a>, <a title=\"Cloud-Service: Kontrolle Datensicherung\" href=\"http:\/\/www.itam.ch\/?page_id=141\">Backup-\u00dcberwachung<\/a>)<\/li>\n<\/ul>\n","protected":false},"excerpt":{"rendered":"<p>Getreu unserem Motto &#8222;&#8230; mehr als nur Computer&#8220;\u00a0umfasst unser Angebot alle EDV-Belange die f\u00fcr Kleinst-KMU bis ca. 100 Arbeitspl\u00e4tze von Bedeutung sind. Wo uns Kompetenzen fehlen, erg\u00e4nzen wir diese mit Partnern. Hier eine kurze Liste unseres Angebots: Beratung, L\u00f6sungssuche, Evaluation &hellip; <a href=\"https:\/\/www.itam.ch\/?page_id=259\">Weiterlesen <span class=\"meta-nav\">&rarr;<\/span><\/a><\/p>\n","protected":false},"author":3,"featured_media":0,"parent":0,"menu_order":0,"comment_status":"closed","ping_status":"closed","template":"","meta":{"footnotes":""},"class_list":["post-259","page","type-page","status-publish","hentry"],"_links":{"self":[{"href":"https:\/\/www.itam.ch\/index.php?rest_route=\/wp\/v2\/pages\/259","targetHints":{"allow":["GET"]}}],"collection":[{"href":"https:\/\/www.itam.ch\/index.php?rest_route=\/wp\/v2\/pages"}],"about":[{"href":"https:\/\/www.itam.ch\/index.php?rest_route=\/wp\/v2\/types\/page"}],"author":[{"embeddable":true,"href":"https:\/\/www.itam.ch\/index.php?rest_route=\/wp\/v2\/users\/3"}],"replies":[{"embeddable":true,"href":"https:\/\/www.itam.ch\/index.php?rest_route=%2Fwp%2Fv2%2Fcomments&post=259"}],"version-history":[{"count":1,"href":"https:\/\/www.itam.ch\/index.php?rest_route=\/wp\/v2\/pages\/259\/revisions"}],"predecessor-version":[{"id":260,"href":"https:\/\/www.itam.ch\/index.php?rest_route=\/wp\/v2\/pages\/259\/revisions\/260"}],"wp:attachment":[{"href":"https:\/\/www.itam.ch\/index.php?rest_route=%2Fwp%2Fv2%2Fmedia&parent=259"}],"curies":[{"name":"wp","href":"https:\/\/api.w.org\/{rel}","templated":true}]}}