{"id":2,"date":"2013-09-15T12:33:49","date_gmt":"2013-09-15T12:33:49","guid":{"rendered":"http:\/\/v3.itam.ch\/?page_id=2"},"modified":"2013-09-15T16:00:04","modified_gmt":"2013-09-15T14:00:04","slug":"beispiel-seite","status":"publish","type":"page","link":"https:\/\/www.itam.ch\/?page_id=2","title":{"rendered":"Wir \u00fcber uns"},"content":{"rendered":"<h1>\u00dcber uns:<\/h1>\n<p>St\u00e4ndige Verbesserungen von Hard- und Software (Netzwerke, grafische Benutzeroberfl\u00e4chen), Erweiterungen der M\u00f6glichkeiten (Internet, E-Mail, Telefonie etc.) fordern Sie als Unternehmer st\u00e4ndig heraus, von M\u00f6glichem und N\u00f6tigem zu unterscheiden. Auch wir sind gefordert, jeden Nutzen von neuen Technologien, neuer Hard- und Software f\u00fcr unsere Kunden zu erkennen und zu vermitteln.<\/p>\n<p>In diesem Umfeld verstehen wir uns als Vermittler zwischen Technik und Anwender, Hersteller mit Versprechungen und Umsetzbarem. T\u00e4gliche Arbeit mit erneuerbarer Infrastruktur erleichtern um erkennbaren Nutzen und nicht nur Kosten zu generieren. Genau hier wollen wir helfen, mehr aus Ihrem Arbeitsinstrument herauszuholen:<\/p>\n<p>&#8211; <strong>mehr<\/strong> Nutzen f\u00fcr das Tagesgesch\u00e4ft &#8211; <strong>mehr<\/strong> Effizienz f\u00fcr Ihre Abl\u00e4ufe &#8211; <strong>mehr<\/strong> Kosteneffizienz Ihrer EDV-Infrastruktur<\/p>\n<p>it and more&#8230;<strong> mehr<\/strong> als nur Computer!<\/p>\n<h1><\/h1>\n<h1>Wichtige Meilensteine aus unserer Firmengeschichte:<\/h1>\n<p><strong>April 1997:<\/strong> Gr\u00fcndung als Einzelfirma mit Sitz in Brunegg \/ AG als Einmannbetrieb.\u00a0Ab Juni 1997 Nebent\u00e4tigkeit als Kursleiter bei der Digicomp Computerschule f\u00fcr Windows Betriebssysteme (Windows 95, 98, NT 4 Workstation und Server).<\/p>\n<p><strong>Januar 2003:<\/strong> Erweiterung und Gr\u00fcndung der Kommanditgesellschaft \u00abit and more&#8230; Wunderle, Tenti &amp; Co.\u00bb mit Sitz in Lenzburg. Einf\u00fchrung von europa3000 easy business net als ERP-Software.<\/p>\n<p><strong>Oktober 2003:<\/strong> Zertifizierung zum europa3000 Service-Point und Einf\u00fchrung von europa3000 Business Cube.<\/p>\n<p><strong>Mai 2004:<\/strong> Weiterbildung auf europa3000 und Zertifizierung zum europa3000 Service-Center. Zertifiziert.<\/p>\n<p><strong>Januar 2006:<\/strong> Die bisherige Kommanditgesellschaft wird in die neue Firma \u00abit and more&#8230; ag\u00bb \u00fcbernommen. Alles wird neu, das Logo (mit dem wir seit Oktober 2005 bereits werben), die Website und unsere B\u00fcros. Damit haben wir die Basis f\u00fcr langj\u00e4hrige Weiterentwicklung geschaffen.<\/p>\n<p><strong>Februar 2007:<\/strong> Einf\u00fchrung von MS CRM 4 zur Verwaltung aller Kundenspezifischen Daten wie E-Mail, Projektf\u00fchrung etc.<\/p>\n<p><strong>Oktober 2008:<\/strong> Abl\u00f6sung von MS CRM durch das Dokumenten-Verwaltungssystem DOCUFrame. Damit k\u00f6nnen wir alle Kundenbezogenen Dokumente aus Word, Excel, aber auch E-Mails und Belege aus europa3000 in einem zentralen System verwalten und nach Bedarf beliebig miteinander verkn\u00fcpfen.<\/p>\n<p>Mehr Informationen ab dem Jahr 2009 erfahren Sie in unserer News-History.<\/p>\n<p>&nbsp;<\/p>\n","protected":false},"excerpt":{"rendered":"<p>\u00dcber uns: St\u00e4ndige Verbesserungen von Hard- und Software (Netzwerke, grafische Benutzeroberfl\u00e4chen), Erweiterungen der M\u00f6glichkeiten (Internet, E-Mail, Telefonie etc.) fordern Sie als Unternehmer st\u00e4ndig heraus, von M\u00f6glichem und N\u00f6tigem zu unterscheiden. Auch wir sind gefordert, jeden Nutzen von neuen Technologien, neuer &hellip; <a href=\"https:\/\/www.itam.ch\/?page_id=2\">Weiterlesen <span class=\"meta-nav\">&rarr;<\/span><\/a><\/p>\n","protected":false},"author":3,"featured_media":0,"parent":0,"menu_order":0,"comment_status":"closed","ping_status":"closed","template":"","meta":{"footnotes":""},"class_list":["post-2","page","type-page","status-publish","hentry"],"_links":{"self":[{"href":"https:\/\/www.itam.ch\/index.php?rest_route=\/wp\/v2\/pages\/2","targetHints":{"allow":["GET"]}}],"collection":[{"href":"https:\/\/www.itam.ch\/index.php?rest_route=\/wp\/v2\/pages"}],"about":[{"href":"https:\/\/www.itam.ch\/index.php?rest_route=\/wp\/v2\/types\/page"}],"author":[{"embeddable":true,"href":"https:\/\/www.itam.ch\/index.php?rest_route=\/wp\/v2\/users\/3"}],"replies":[{"embeddable":true,"href":"https:\/\/www.itam.ch\/index.php?rest_route=%2Fwp%2Fv2%2Fcomments&post=2"}],"version-history":[{"count":2,"href":"https:\/\/www.itam.ch\/index.php?rest_route=\/wp\/v2\/pages\/2\/revisions"}],"predecessor-version":[{"id":9,"href":"https:\/\/www.itam.ch\/index.php?rest_route=\/wp\/v2\/pages\/2\/revisions\/9"}],"wp:attachment":[{"href":"https:\/\/www.itam.ch\/index.php?rest_route=%2Fwp%2Fv2%2Fmedia&parent=2"}],"curies":[{"name":"wp","href":"https:\/\/api.w.org\/{rel}","templated":true}]}}