{"id":194,"date":"2013-09-17T15:11:05","date_gmt":"2013-09-17T13:11:05","guid":{"rendered":"http:\/\/v3.itam.ch\/?page_id=194"},"modified":"2013-09-17T15:22:26","modified_gmt":"2013-09-17T13:22:26","slug":"microsoft-cloud","status":"publish","type":"page","link":"https:\/\/www.itam.ch\/?page_id=194","title":{"rendered":"Microsoft Cloud"},"content":{"rendered":"<p>Wie andere Anbieter hat auch Microsoft ein Angebot von Cloud-L\u00f6sungen. Das Angebot reicht \u00fcber alle 3 Ebenen (siehe unsere Seite <a title=\"Cloud-L\u00f6sungen\" href=\"http:\/\/v3.itam.ch\/?page_id=28\">Cloud-L\u00f6sungen<\/a>).<\/p>\n<p>Microsoft biete 2 grosse Plattformen:<\/p>\n<ul>\n<li>Azure: Auf Azure k\u00f6nnen ganze Infrastrukturen aufgebaut werden, d.h. Server, virtuelle Netzwerke, SQL-Server, Webserver, SharePoint Server usw.<\/li>\n<li>Office 365: Diese Plattform bietet die bekannten Office-Anwendungen als Cloud-Services inkl. SkyDrive Pro (Dateiablage), Exchange (Mail), SharePoint (Colaboration) und Lync (Messaging, Telefonie). Je nach Anforderungen und Unternehmensgr\u00f6sse bietet Microsoft unterschiedliche Pl\u00e4ne an.<br \/>\nDie Office-Anwendungen k\u00f6nnen als WebApps, \u00a0und je nach Plan auch als lokale Installation genutzt werden.<br \/>\nWeitere Detail finden Sie <a href=\"http:\/\/office.microsoft.com\/de-ch\/business\/office-365-fur-unternehmen-plane-vergleichen-FX102918419.aspx\" target=\"_blank\">hier<\/a>.<\/li>\n<\/ul>\n<p>Als Microsoft Cloud Essential Partner helfen wir Ihnen gerne Ihre Bed\u00fcrfnisse zu kl\u00e4ren und mit Microsoft Cloud Services umzusetzen.<\/p>\n","protected":false},"excerpt":{"rendered":"<p>Wie andere Anbieter hat auch Microsoft ein Angebot von Cloud-L\u00f6sungen. Das Angebot reicht \u00fcber alle 3 Ebenen (siehe unsere Seite Cloud-L\u00f6sungen). Microsoft biete 2 grosse Plattformen: Azure: Auf Azure k\u00f6nnen ganze Infrastrukturen aufgebaut werden, d.h. Server, virtuelle Netzwerke, SQL-Server, Webserver, &hellip; <a href=\"https:\/\/www.itam.ch\/?page_id=194\">Weiterlesen <span class=\"meta-nav\">&rarr;<\/span><\/a><\/p>\n","protected":false},"author":3,"featured_media":0,"parent":0,"menu_order":0,"comment_status":"closed","ping_status":"closed","template":"","meta":{"footnotes":""},"class_list":["post-194","page","type-page","status-publish","hentry"],"_links":{"self":[{"href":"https:\/\/www.itam.ch\/index.php?rest_route=\/wp\/v2\/pages\/194","targetHints":{"allow":["GET"]}}],"collection":[{"href":"https:\/\/www.itam.ch\/index.php?rest_route=\/wp\/v2\/pages"}],"about":[{"href":"https:\/\/www.itam.ch\/index.php?rest_route=\/wp\/v2\/types\/page"}],"author":[{"embeddable":true,"href":"https:\/\/www.itam.ch\/index.php?rest_route=\/wp\/v2\/users\/3"}],"replies":[{"embeddable":true,"href":"https:\/\/www.itam.ch\/index.php?rest_route=%2Fwp%2Fv2%2Fcomments&post=194"}],"version-history":[{"count":4,"href":"https:\/\/www.itam.ch\/index.php?rest_route=\/wp\/v2\/pages\/194\/revisions"}],"predecessor-version":[{"id":201,"href":"https:\/\/www.itam.ch\/index.php?rest_route=\/wp\/v2\/pages\/194\/revisions\/201"}],"wp:attachment":[{"href":"https:\/\/www.itam.ch\/index.php?rest_route=%2Fwp%2Fv2%2Fmedia&parent=194"}],"curies":[{"name":"wp","href":"https:\/\/api.w.org\/{rel}","templated":true}]}}