{"id":18,"date":"2013-09-15T15:31:55","date_gmt":"2013-09-15T13:31:55","guid":{"rendered":"http:\/\/v3.itam.ch\/?page_id=18"},"modified":"2013-10-08T12:16:45","modified_gmt":"2013-10-08T10:16:45","slug":"leitbild","status":"publish","type":"page","link":"https:\/\/www.itam.ch\/?page_id=18","title":{"rendered":"Leitbild"},"content":{"rendered":"<p>it and more&#8230; ag legt Wert auf: <strong>mehr als nur Computer<\/strong><\/p>\n<h2>Unsere Dienstleistungen:<\/h2>\n<ul>\n<li>optimieren der einzusetzenden Technologien = mehr Planung<\/li>\n<\/ul>\n<ul>\n<li>Erarbeiten von individuellen L\u00f6sungskonzepten = mehr Betreuung<\/li>\n<\/ul>\n<ul>\n<li>suchen nach Finanzierungsm\u00f6glichkeiten = mehr Dienstleistung<\/li>\n<\/ul>\n<ul>\n<li>die Installation und Inbetriebnahme der Anlage bis zur Wartung = mehr Fachkompetenz<\/li>\n<\/ul>\n<h1>Planung:<\/h1>\n<p>Wir planen Ihr Netzwerk, Ihre Serverfarm, Ihr Business-System individuell auf Ihre Bed\u00fcrfnisse angepasst, egal ob es sich um 5 oder 500 Arbeitspl\u00e4tze handelt. Am Ende steht ein klares Konzept das alle Aspekte von der Installation, Migration bestehender Systeme bis hin zum Betrieb umfasst.<\/p>\n<h2>Finanzierung:<\/h2>\n<p>F\u00fcr Anlagen ab CHF 20&#8217;000.- (inkl. Software und Dienstleistungen) k\u00f6nnen wir Ihnen auch helfen eine Finanzierung zu vermitteln. Ihr Vorteil liegt klar auf der Hand: Sie binden kein Kapital, das Sie f\u00fcr Ihr Kerngesch\u00e4ft dringend ben\u00f6tigen. Zusammen mit einem Wartungsvertrag kennen Sie so auch alle Kosten.<\/p>\n<h2>Installationen:<\/h2>\n<p>Wir installieren neue Hard- und Software. Auch bei der Installation haben wir bereits ein Auge auf die Betriebskosten. Einfache, sicher reproduzierbare Abl\u00e4ufe unter Ausnutzung vieler zur Verf\u00fcgung stehender, teilweise selbst programmierter Tools, helfen auch grosse Umgebungen schnell einzurichten, unter Einhaltung h\u00f6chster Qualit\u00e4tsanspr\u00fcche.<\/p>\n<h2>Wartung\/Outsourcing:<\/h2>\n<p>Wir lassen Sie nach der Installation nicht im Regen stehen. Je nach Gr\u00f6sse und der vorhandenen Ressourcen \u00fcbernehmen wir nach Ihrem Wunsch First- oder Second-Level Support f\u00fcr Ihre Anlage. Oder Sie \u00fcbergeben uns die Gesamtverantwortung f\u00fcr Ihre Anlage. Auch f\u00fcr die Wartung nutzen wir alle M\u00f6glichkeiten zur Kostensenkung wie z.B. Remote-Support mit ISL-Light.<\/p>\n<h2>Mehrwert durch den Einsatz von Werkzeugen:<\/h2>\n<p>Um unsere Projekte effizient und mit hoher Qualit\u00e4t realisieren zu k\u00f6nnen setzen wir eine\u00a0kleine\u00a0Anzahl, teilweise selbstprogrammierte, Werkzeugen\u00a0ein. Weitere Informationen zu unseren nbox-Tools finden Sie <a href=\"http:\/\/www.itam.ch\/index.php?itamsoftware\">hier<\/a>.<\/p>\n","protected":false},"excerpt":{"rendered":"<p>it and more&#8230; ag legt Wert auf: mehr als nur Computer Unsere Dienstleistungen: optimieren der einzusetzenden Technologien = mehr Planung Erarbeiten von individuellen L\u00f6sungskonzepten = mehr Betreuung suchen nach Finanzierungsm\u00f6glichkeiten = mehr Dienstleistung die Installation und Inbetriebnahme der Anlage bis &hellip; <a href=\"https:\/\/www.itam.ch\/?page_id=18\">Weiterlesen <span class=\"meta-nav\">&rarr;<\/span><\/a><\/p>\n","protected":false},"author":3,"featured_media":0,"parent":0,"menu_order":0,"comment_status":"closed","ping_status":"closed","template":"","meta":{"footnotes":""},"class_list":["post-18","page","type-page","status-publish","hentry"],"_links":{"self":[{"href":"https:\/\/www.itam.ch\/index.php?rest_route=\/wp\/v2\/pages\/18","targetHints":{"allow":["GET"]}}],"collection":[{"href":"https:\/\/www.itam.ch\/index.php?rest_route=\/wp\/v2\/pages"}],"about":[{"href":"https:\/\/www.itam.ch\/index.php?rest_route=\/wp\/v2\/types\/page"}],"author":[{"embeddable":true,"href":"https:\/\/www.itam.ch\/index.php?rest_route=\/wp\/v2\/users\/3"}],"replies":[{"embeddable":true,"href":"https:\/\/www.itam.ch\/index.php?rest_route=%2Fwp%2Fv2%2Fcomments&post=18"}],"version-history":[{"count":6,"href":"https:\/\/www.itam.ch\/index.php?rest_route=\/wp\/v2\/pages\/18\/revisions"}],"predecessor-version":[{"id":264,"href":"https:\/\/www.itam.ch\/index.php?rest_route=\/wp\/v2\/pages\/18\/revisions\/264"}],"wp:attachment":[{"href":"https:\/\/www.itam.ch\/index.php?rest_route=%2Fwp%2Fv2%2Fmedia&parent=18"}],"curies":[{"name":"wp","href":"https:\/\/api.w.org\/{rel}","templated":true}]}}