{"id":151,"date":"2013-09-17T10:05:53","date_gmt":"2013-09-17T08:05:53","guid":{"rendered":"http:\/\/v3.itam.ch\/?page_id=151"},"modified":"2026-02-06T13:01:03","modified_gmt":"2026-02-06T11:01:03","slug":"partner","status":"publish","type":"page","link":"https:\/\/www.itam.ch\/?page_id=151","title":{"rendered":"Partner"},"content":{"rendered":"\n<p>Auf der Suche nach leistungsf\u00e4higen Teill\u00f6sungen sind wir auf die intensive Zusammenarbeit mit Partnern angewiesen. Nur gemeinsam k\u00f6nnen wir die vielf\u00e4ltigen Anforderungen unserer Kunden realisieren. Dank<\/p>\n\n\n\n<ul class=\"wp-block-list\">\n<li>Unterst\u00fctzung im Verkauf (Presales, Konzepte) und im Betrieb (technischer Support),<\/li>\n\n\n\n<li>Zugriff auf zus\u00e4tzliche Ressourcen wie technische Dokumentationen, Wissensdatenbanken usw. sowie<\/li>\n\n\n\n<li>Schulungen, Zertifizierungen etc.<\/li>\n<\/ul>\n\n\n\n<p>Wir haben Partnerschaften mit folgenden Herstellern resp. Dienstleistern:<\/p>\n\n\n\n<h2 class=\"wp-block-heading\">&nbsp;Firewall-L\u00f6sungen von OPNsense<\/h2>\n\n\n\n<div class=\"wp-block-columns is-layout-flex wp-container-core-columns-is-layout-9d6595d7 wp-block-columns-is-layout-flex\">\n<div class=\"wp-block-column is-layout-flow wp-block-column-is-layout-flow\" style=\"flex-basis:100%\">\n<figure class=\"wp-block-image size-full is-resized\"><img loading=\"lazy\" decoding=\"async\" width=\"717\" height=\"624\" src=\"https:\/\/www.itam.ch\/wp-content\/uploads\/OPNsense_Logo.png\" alt=\"\" class=\"wp-image-1012\" style=\"width:200px\" srcset=\"https:\/\/www.itam.ch\/wp-content\/uploads\/OPNsense_Logo.png 717w, https:\/\/www.itam.ch\/wp-content\/uploads\/OPNsense_Logo-300x261.png 300w, https:\/\/www.itam.ch\/wp-content\/uploads\/OPNsense_Logo-345x300.png 345w\" sizes=\"auto, (max-width: 717px) 100vw, 717px\" \/><\/figure>\n<\/div>\n<\/div>\n\n\n\n<p>Im Netzwerksicherheitsbereich setzen wir OPNsense Hard- und Software-L\u00f6sungen von Deciso ein. Weitere Merkmale sind:<\/p>\n\n\n\n<ul class=\"wp-block-list\">\n<li>Diese Nierderl\u00e4ndische Firma<\/li>\n\n\n\n<li>Baut auf OpenSource L\u00f6sungen auf<\/li>\n\n\n\n<li>Sehr weitegehende Unabh\u00e4ngigkeit von Hardware, egal ob Appliances, alter PC oder als VM.<\/li>\n\n\n\n<li>Modular, Erweiterbar durch Plugins<\/li>\n<\/ul>\n\n\n\n<p>Weitere Informationen finden sie bei <a href=\"http:\/\/www.deciso.com\">Decisio.com<\/a><\/p>\n\n\n\n<h1 class=\"wp-block-heading\"><figure><img loading=\"lazy\" decoding=\"async\" class=\"wp-image-361 size-full alignleft\" src=\"http:\/\/www.itam.ch\/wp-content\/uploads\/Dell_PartnerDirect_Registered_2014_RGB-e1466094489880.png\" alt=\"Dell_PartnerDirect_Registered_2014_RGB\" width=\"160\" height=\"64\"><\/figure>&nbsp;DELL:<\/h1>\n\n\n\n<p>Seit Jahren setzen wir immer wieder Dell-PC, Notebooks und Tablets&nbsp;in unseren Projekten ein da sie sehr oft einen optimalen Technologie-Mix zur Erf\u00fcllung der Kundenanforderungen bieten. Dabei haben sich diese als zuverl\u00e4ssig und weitegehend problemlos erwiesen.<\/p>\n\n\n\n<p>Aufbauend auf diesen Erfahrungen sind wir nun eine Partnerschaft mit Dell eingegangen die es uns erm\u00f6glicht mit der direkten Unterst\u00fctzung von Dell unseren Kunden noch bessere L\u00f6sungen anbieten zu k\u00f6nnen.<\/p>\n\n\n<div class=\"wp-block-image\">\n<figure class=\"alignleft\"><a href=\"http:\/\/www.itam.ch\/wp-content\/uploads\/Syno_Logo-160.png\"><img loading=\"lazy\" decoding=\"async\" width=\"160\" height=\"57\" src=\"http:\/\/www.itam.ch\/wp-content\/uploads\/Syno_Logo-160.png\" alt=\"Syno_Logo-160\" class=\"wp-image-330\"\/><\/a><\/figure>\n<\/div>\n\n\n<p><strong>Synology:<\/strong><\/p>\n\n\n\n<p><a href=\"https:\/\/de.wikipedia.org\/wiki\/Network_Attached_Storage\" target=\"_blank\" rel=\"noopener\">NAS<\/a> (Network Attached Storage) setzen wir seit Begin (2003)&nbsp;immer wieder da ein, wo es Sinn macht, d.h. unter Ber\u00fccksichtigung von Aspekten der Datensicherung, Sicherheit aber auch Verwaltbarkeit.<\/p>\n\n\n\n<p>Seit dieser Zeit wurden die Produkte von Synology immer leistungsf\u00e4higer, flexibler und professioneller. Heute (2015) sind wir <a href=\"http:\/\/www.itam.ch\/?p=312\">zertifizierter Synology-Partner<\/a>. Wir&nbsp;sehen&nbsp;die&nbsp;Speicher-Systeme von Synology als Bestandteil eines Server-Systems zur Bereitstellung von schnellem, bei Bedarf auch hoch verf\u00fcgbarem, Massenspeicher und damit als m\u00f6gliche Alternative oder Erg\u00e4nzung zu&nbsp;direkt im Server eingebauten Festplatten.<\/p>\n\n\n\n<h2 class=\"wp-block-heading\"><figure><a href=\"http:\/\/v3.itam.ch\/wp-content\/uploads\/GData.jpg\"><img loading=\"lazy\" decoding=\"async\" class=\"alignleft size-full wp-image-158\" src=\"http:\/\/v3.itam.ch\/wp-content\/uploads\/GData.jpg\" alt=\"GData\" width=\"160\" height=\"37\"><\/a><\/figure>G Data<\/h2>\n\n\n\n<p>Unter den vielen Herstellern von Antivierensoftware ist uns die L\u00f6sung von G Data durch die einfache Verwaltung aufgefallen, optimal f\u00fcr kleine Netzwerke bis 50 Clients, aber auch erweiterbar f\u00fcr grosse Netzwerke. Die Tatsache, dass der Hersteller aus Deutschland kommt sowie der einfache Zugang zum Support haben uns bisher \u00fcberzeugt.<\/p>\n\n\n\n<h2 class=\"wp-block-heading\">&nbsp;<\/h2>\n","protected":false},"excerpt":{"rendered":"<p>Auf der Suche nach leistungsf\u00e4higen Teill\u00f6sungen sind wir auf die intensive Zusammenarbeit mit Partnern angewiesen. Nur gemeinsam k\u00f6nnen wir die vielf\u00e4ltigen Anforderungen unserer Kunden realisieren. Dank Wir haben Partnerschaften mit folgenden Herstellern resp. Dienstleistern: &nbsp;Firewall-L\u00f6sungen von OPNsense Im Netzwerksicherheitsbereich setzen &hellip; <a href=\"https:\/\/www.itam.ch\/?page_id=151\">Weiterlesen <span class=\"meta-nav\">&rarr;<\/span><\/a><\/p>\n","protected":false},"author":3,"featured_media":0,"parent":0,"menu_order":0,"comment_status":"closed","ping_status":"closed","template":"","meta":{"footnotes":""},"class_list":["post-151","page","type-page","status-publish","hentry"],"_links":{"self":[{"href":"https:\/\/www.itam.ch\/index.php?rest_route=\/wp\/v2\/pages\/151","targetHints":{"allow":["GET"]}}],"collection":[{"href":"https:\/\/www.itam.ch\/index.php?rest_route=\/wp\/v2\/pages"}],"about":[{"href":"https:\/\/www.itam.ch\/index.php?rest_route=\/wp\/v2\/types\/page"}],"author":[{"embeddable":true,"href":"https:\/\/www.itam.ch\/index.php?rest_route=\/wp\/v2\/users\/3"}],"replies":[{"embeddable":true,"href":"https:\/\/www.itam.ch\/index.php?rest_route=%2Fwp%2Fv2%2Fcomments&post=151"}],"version-history":[{"count":31,"href":"https:\/\/www.itam.ch\/index.php?rest_route=\/wp\/v2\/pages\/151\/revisions"}],"predecessor-version":[{"id":1016,"href":"https:\/\/www.itam.ch\/index.php?rest_route=\/wp\/v2\/pages\/151\/revisions\/1016"}],"wp:attachment":[{"href":"https:\/\/www.itam.ch\/index.php?rest_route=%2Fwp%2Fv2%2Fmedia&parent=151"}],"curies":[{"name":"wp","href":"https:\/\/api.w.org\/{rel}","templated":true}]}}