{"id":141,"date":"2013-09-17T08:38:07","date_gmt":"2013-09-17T06:38:07","guid":{"rendered":"http:\/\/v3.itam.ch\/?page_id=141"},"modified":"2013-09-17T15:13:18","modified_gmt":"2013-09-17T13:13:18","slug":"141-2","status":"publish","type":"page","link":"https:\/\/www.itam.ch\/?page_id=141","title":{"rendered":"Cloud-Service: Kontrolle Datensicherung"},"content":{"rendered":"<h1>Um was geht\u2019s?<\/h1>\n<p>Um bei technischen Defekten nicht ein ganzes System oder Daten zu verlieren werden diese regelm\u00e4ssig gesichert. Wechselbare Datentr\u00e4ger erm\u00f6glichen es, diese auch extern zu lagern um im Katastrophenfall nach Ersatz der zerst\u00f6rten Hardware mit m\u00f6glichst kurzem Unterbruch wieder weiter arbeiten zu k\u00f6nnen.<\/p>\n<p>Um im Ernstfall sicher auf eine Datensicherung zur\u00fcckgreifen zu k\u00f6nnen, muss die Sicherung regelm\u00e4ssig, meist t\u00e4glich, kontrolliert werden. Allf\u00e4llig aufgetretene Probleme sollten so bald als m\u00f6glich erkannt und behoben werden.<\/p>\n<p>Mit diesem Service bieten wir unseren Kunden die \u00dcbernahme der regelm\u00e4ssigen Kontrolle der Datensicherung.<\/p>\n<h1>Ihr Nutzen<\/h1>\n<p>Ihre Datensicherung wird durch unsere Fachspezialisten kontrolliert. Dadurch k\u00f6nnen Sie sich auf Ihr Kerngesch\u00e4ft konzentrieren. Konkret profitieren Sie von folgenden Vorteilen:<\/p>\n<ul>\n<li>Sie m\u00fcssen sich nicht mehr um die Kontrolle der Datensicherung k\u00fcmmern.<\/li>\n<li>Ferienabl\u00f6sungen sind kein Thema mehr.<\/li>\n<li>Kleine St\u00f6rungen m\u00fcssen nicht zur Abkl\u00e4rung gemeldet werden.<\/li>\n<li>Sie k\u00f6nnen sich bei Bedarf jederzeit selbst \u00fcber den Status informieren (ein Webportal).<\/li>\n<\/ul>\n<h1>Unsere Leistungen<\/h1>\n<p>W\u00e4hrend der mindestens sechsmonatigen Vertragslaufzeit \u00fcbernehmen wir folgende Aufgaben:<\/p>\n<ul>\n<li>Mind. t\u00e4gliche Kontrolle der Datensicherung (nur Werktags, ohne eidgen\u00f6ssische Feiertage)<\/li>\n<li>Melden von allf\u00e4lligen St\u00f6rungen inkl. L\u00f6sungsvorschlag<\/li>\n<li>St\u00f6rungsbehebung des \u00dcberwachungssystems (nicht der Datensicherung selbst)<\/li>\n<li>Zugriff auf ein Webportal zur selbst\u00e4ndigen Kontrolle der Datensicherung<\/li>\n<\/ul>\n","protected":false},"excerpt":{"rendered":"<p>Um was geht\u2019s? Um bei technischen Defekten nicht ein ganzes System oder Daten zu verlieren werden diese regelm\u00e4ssig gesichert. Wechselbare Datentr\u00e4ger erm\u00f6glichen es, diese auch extern zu lagern um im Katastrophenfall nach Ersatz der zerst\u00f6rten Hardware mit m\u00f6glichst kurzem Unterbruch &hellip; <a href=\"https:\/\/www.itam.ch\/?page_id=141\">Weiterlesen <span class=\"meta-nav\">&rarr;<\/span><\/a><\/p>\n","protected":false},"author":3,"featured_media":0,"parent":0,"menu_order":0,"comment_status":"closed","ping_status":"closed","template":"","meta":{"footnotes":""},"class_list":["post-141","page","type-page","status-publish","hentry"],"_links":{"self":[{"href":"https:\/\/www.itam.ch\/index.php?rest_route=\/wp\/v2\/pages\/141","targetHints":{"allow":["GET"]}}],"collection":[{"href":"https:\/\/www.itam.ch\/index.php?rest_route=\/wp\/v2\/pages"}],"about":[{"href":"https:\/\/www.itam.ch\/index.php?rest_route=\/wp\/v2\/types\/page"}],"author":[{"embeddable":true,"href":"https:\/\/www.itam.ch\/index.php?rest_route=\/wp\/v2\/users\/3"}],"replies":[{"embeddable":true,"href":"https:\/\/www.itam.ch\/index.php?rest_route=%2Fwp%2Fv2%2Fcomments&post=141"}],"version-history":[{"count":3,"href":"https:\/\/www.itam.ch\/index.php?rest_route=\/wp\/v2\/pages\/141\/revisions"}],"predecessor-version":[{"id":198,"href":"https:\/\/www.itam.ch\/index.php?rest_route=\/wp\/v2\/pages\/141\/revisions\/198"}],"wp:attachment":[{"href":"https:\/\/www.itam.ch\/index.php?rest_route=%2Fwp%2Fv2%2Fmedia&parent=141"}],"curies":[{"name":"wp","href":"https:\/\/api.w.org\/{rel}","templated":true}]}}