{"id":139,"date":"2013-09-17T08:37:07","date_gmt":"2013-09-17T06:37:07","guid":{"rendered":"http:\/\/v3.itam.ch\/?page_id=139"},"modified":"2013-09-17T15:12:59","modified_gmt":"2013-09-17T13:12:59","slug":"cloud-mailfilter","status":"publish","type":"page","link":"https:\/\/www.itam.ch\/?page_id=139","title":{"rendered":"Cloud-Service: Mailfilter"},"content":{"rendered":"<h1>Um was geht\u2019s?<\/h1>\n<p>T\u00e4glich werden unsere Mailboxen mit unn\u00f6tigen, nicht erw\u00fcnschten, sogenannten Spam-Mails, oder mit Viren verseuchten Mails gef\u00fcllt. Diese sind nicht nur l\u00e4stig, sondern verleiten den Anwender zu Aktionen die den Arbeitsplatz-Computer kompromittieren mit dem Ziel Zugangsdaten auszuspionieren, Online-Banking f\u00fcr versteckte \u00dcberweisungen zu nutzen oder den Computer f\u00fcr Angriffe auf andere System im Internet zu missbrauchen. Der Spam-Anteil im Internet betr\u00e4gt je nach Quelle 70 bis 80 Prozent, an einzelnen Tagen beobachten wir sogar bis gegen 90%.<\/p>\n<p>F\u00fcr kleine Netzwerke stehen unterschiedliche Softwarel\u00f6sungen der Hersteller von Antiviren-Software zur Abwehr von Spam- und Virenmails zur Verf\u00fcgung. Je nach Produkt und Anzahl Clients sind daf\u00fcr ca. CHF 5.- bis 10.- pro Jahr und Client f\u00fcr den Update-Service f\u00e4llig.<\/p>\n<p>Nach unseren Erfahrungen und intensiven Tests m\u00fcssen wir feststellen, dass diese nicht mit professionellen Gateway-L\u00f6sungen wie sie bei den grossen Providern oder Firmen-Netzwerken zum Einsatz kommen, mithalten. Dies liegt vor allem auch daran, dass diese Systeme mehr Spam-Mails analysieren (Lerneffekt) und bestimmte Abwehrmechanismen bei g\u00fcnstigen Insell\u00f6sungen nicht zur Verf\u00fcgung stehen.<\/p>\n<p><a href=\"http:\/\/v3.itam.ch\/wp-content\/uploads\/Mailfilter.png\"><img loading=\"lazy\" decoding=\"async\" class=\"alignleft size-medium wp-image-153\" alt=\"Mailfilter\" src=\"http:\/\/v3.itam.ch\/wp-content\/uploads\/Mailfilter-300x128.png\" width=\"300\" height=\"128\" srcset=\"https:\/\/www.itam.ch\/wp-content\/uploads\/Mailfilter-300x128.png 300w, https:\/\/www.itam.ch\/wp-content\/uploads\/Mailfilter-500x214.png 500w, https:\/\/www.itam.ch\/wp-content\/uploads\/Mailfilter.png 506w\" sizes=\"auto, (max-width: 300px) 100vw, 300px\" \/><\/a>Wir haben f\u00fcr Sie eine solche Gateway-L\u00f6sung eingerichtet mit der wir auch ihre Mails filtern k\u00f6nnen.<\/p>\n<h1>Ihr Nutzen<\/h1>\n<p>Durch die Filterung der E-Mails nach Spam und Viren durch unsere L\u00f6sung profitieren Sie von folgenden Vorteilen:<\/p>\n<ul>\n<li>Sie erhalten die M\u00f6glichkeiten einer professionellen Antiviren- und Antispam-L\u00f6sung wie sie bei grossen Providern oder Grossfirmen zum Einsatz kommt wie z.B.:\n<ul>\n<li>Bessere Filterleistung durch erweiterte technische M\u00f6glichkeiten.<\/li>\n<li>Das System lernt besser und schneller da mehr Mails verarbeitet werden.<\/li>\n<li>Je Mailadresse wird Quarant\u00e4ne-Speicher verwaltet. Der Anwender erh\u00e4lt regelm\u00e4ssig Quarant\u00e4ne-Mails die die Mails in der Quarant\u00e4ne auflisten. Der Benutzer kann jedes Mail selbst\u00e4ndig zustellen (= False positiv) oder als Spam best\u00e4tigen (Mailantwort oder Web-Anwendung). Jede Benutzeraktion erh\u00f6ht den Lerneffekt des gesamten Systems.<\/li>\n<li>Es steht eine Leistungsf\u00e4hige Reporting-Funktion zur Verf\u00fcgung mit der nach Ihren Bed\u00fcrfnissen regelm\u00e4ssig (z.B. w\u00f6chentlich\/monatlich) ein Aktivit\u00e4tsbericht per Mail zugestellt werden kann (optional).<\/li>\n<li>Durch die Filterung des E-Mail Verkehrs vor dem Eintreffen in Ihrem Netzwerk, werden der Internet-Anschluss und der Mailserver nicht unn\u00f6tig belastet.<\/li>\n<li>Optimierungen der Filterleistung wirken sofort f\u00fcr alle \u201eangeschlossenen\u201c Mailbenutzer.<\/li>\n<li>Der Mail-Filter wird durch uns unterhalten und laufend aktualisiert.<\/li>\n<li>Sie sparen sich die Lizenz-, Aktualisierungs- und Unterhaltskosten f\u00fcr lokal installierte Mail-Filter-L\u00f6sung.<\/li>\n<\/ul>\n<\/li>\n<\/ul>\n<h1>\u00a0Unsere Leistungen<\/h1>\n<p>W\u00e4hrend der mindestens 12-monatigen Vertragslaufzeit erhalten Sie folgende Leistungen:<\/p>\n<ul>\n<li>Spam- und Virenfilterung des eingehenden Mailverkehrs.<\/li>\n<li>Mind. 50 MB Quarant\u00e4ne-Bereich je Mailadresse<\/li>\n<li>Regelm\u00e4ssige, pers\u00f6nliche Quarant\u00e4ne-Mails<\/li>\n<li>Standard Filter-Einstellungen<\/li>\n<li>Betrieb, Wartung und Aktualisierung der E-Mail Security-L\u00f6sung<\/li>\n<\/ul>\n<h1><\/h1>\n","protected":false},"excerpt":{"rendered":"<p>Um was geht\u2019s? T\u00e4glich werden unsere Mailboxen mit unn\u00f6tigen, nicht erw\u00fcnschten, sogenannten Spam-Mails, oder mit Viren verseuchten Mails gef\u00fcllt. Diese sind nicht nur l\u00e4stig, sondern verleiten den Anwender zu Aktionen die den Arbeitsplatz-Computer kompromittieren mit dem Ziel Zugangsdaten auszuspionieren, Online-Banking &hellip; <a href=\"https:\/\/www.itam.ch\/?page_id=139\">Weiterlesen <span class=\"meta-nav\">&rarr;<\/span><\/a><\/p>\n","protected":false},"author":3,"featured_media":0,"parent":0,"menu_order":0,"comment_status":"closed","ping_status":"closed","template":"","meta":{"footnotes":""},"class_list":["post-139","page","type-page","status-publish","hentry"],"_links":{"self":[{"href":"https:\/\/www.itam.ch\/index.php?rest_route=\/wp\/v2\/pages\/139","targetHints":{"allow":["GET"]}}],"collection":[{"href":"https:\/\/www.itam.ch\/index.php?rest_route=\/wp\/v2\/pages"}],"about":[{"href":"https:\/\/www.itam.ch\/index.php?rest_route=\/wp\/v2\/types\/page"}],"author":[{"embeddable":true,"href":"https:\/\/www.itam.ch\/index.php?rest_route=\/wp\/v2\/users\/3"}],"replies":[{"embeddable":true,"href":"https:\/\/www.itam.ch\/index.php?rest_route=%2Fwp%2Fv2%2Fcomments&post=139"}],"version-history":[{"count":4,"href":"https:\/\/www.itam.ch\/index.php?rest_route=\/wp\/v2\/pages\/139\/revisions"}],"predecessor-version":[{"id":197,"href":"https:\/\/www.itam.ch\/index.php?rest_route=\/wp\/v2\/pages\/139\/revisions\/197"}],"wp:attachment":[{"href":"https:\/\/www.itam.ch\/index.php?rest_route=%2Fwp%2Fv2%2Fmedia&parent=139"}],"curies":[{"name":"wp","href":"https:\/\/api.w.org\/{rel}","templated":true}]}}