{"id":135,"date":"2013-09-16T19:06:37","date_gmt":"2013-09-16T17:06:37","guid":{"rendered":"http:\/\/v3.itam.ch\/?page_id=135"},"modified":"2013-09-16T19:06:37","modified_gmt":"2013-09-16T17:06:37","slug":"datenschutzerklaerung","status":"publish","type":"page","link":"https:\/\/www.itam.ch\/?page_id=135","title":{"rendered":"Datenschutzerkl\u00e4rung"},"content":{"rendered":"<p><strong>it and more\u2026 ag<\/strong> geht mit dem Thema Sicherheit h\u00f6chst verantwortungsvoll um und verpflichtet sich deshalb, die gesetzlichen Bestimmungen zum Datenschutz unbedingt einzuhalten.<\/p>\n<p><strong>it and more\u2026 ag<\/strong> unternimmt alle Anstrengungen, um Zugangsdaten (Benutzername, Passwort usw.) und Unternehmensdaten (Mails, Dateien, Datenbanken usw.) welche Sie uns anvertrauen, vor unberechtigtem Zugriff zu sch\u00fctzen. Mit Hilfe eines differenzierten Systems von Zugriffsberechtigungen und technischen Schutzmassnahmen wie Verschl\u00fcsslungen und Firewalls wird gr\u00f6sstm\u00f6gliche Datensicherheit gew\u00e4hrleistet.<\/p>\n<p>S\u00e4mtliche Daten, welche Sie uns anvertrauen, sind bei uns sicher. Bei <strong>it and more\u2026 ag<\/strong> findet kein Verkauf, Tausch oder sonstiger nicht autorisierter Gebrauch von pers\u00f6nlichen Daten und Informationen statt. Wir stellen sicher, dass Ihre pers\u00f6nlichen und Ihre Unternehmensdaten nicht an andere Unternehmen oder Organisationen weitergegeben werden.<\/p>\n<p>Der Schutz und die Sicherheit aller Kundendaten ist <strong>it and more\u2026 ag<\/strong> ein besonderes Anliegen. <strong>it and more\u2026 ag<\/strong> verpflichtet sich daher, beim Betrieb eines Service die gesetzlichen Datenschutzbestimmungen zu beachten. Kunden- und Zugangsdaten, zu denen wir im Rahmen unserer Projekte und Serviceleistungen Zugriff erhalten, werden ausschliesslich f\u00fcr den im Auftrag definierten Zweck verwendet. Durch technische Massnahmen (abschliessen, verschl\u00fcsseln, Zugriffsschutz) verhindern wir den Zugang durch Dritte.<\/p>\n","protected":false},"excerpt":{"rendered":"<p>it and more\u2026 ag geht mit dem Thema Sicherheit h\u00f6chst verantwortungsvoll um und verpflichtet sich deshalb, die gesetzlichen Bestimmungen zum Datenschutz unbedingt einzuhalten. it and more\u2026 ag unternimmt alle Anstrengungen, um Zugangsdaten (Benutzername, Passwort usw.) und Unternehmensdaten (Mails, Dateien, Datenbanken &hellip; <a href=\"https:\/\/www.itam.ch\/?page_id=135\">Weiterlesen <span class=\"meta-nav\">&rarr;<\/span><\/a><\/p>\n","protected":false},"author":3,"featured_media":0,"parent":0,"menu_order":0,"comment_status":"closed","ping_status":"closed","template":"","meta":{"footnotes":""},"class_list":["post-135","page","type-page","status-publish","hentry"],"_links":{"self":[{"href":"https:\/\/www.itam.ch\/index.php?rest_route=\/wp\/v2\/pages\/135","targetHints":{"allow":["GET"]}}],"collection":[{"href":"https:\/\/www.itam.ch\/index.php?rest_route=\/wp\/v2\/pages"}],"about":[{"href":"https:\/\/www.itam.ch\/index.php?rest_route=\/wp\/v2\/types\/page"}],"author":[{"embeddable":true,"href":"https:\/\/www.itam.ch\/index.php?rest_route=\/wp\/v2\/users\/3"}],"replies":[{"embeddable":true,"href":"https:\/\/www.itam.ch\/index.php?rest_route=%2Fwp%2Fv2%2Fcomments&post=135"}],"version-history":[{"count":1,"href":"https:\/\/www.itam.ch\/index.php?rest_route=\/wp\/v2\/pages\/135\/revisions"}],"predecessor-version":[{"id":136,"href":"https:\/\/www.itam.ch\/index.php?rest_route=\/wp\/v2\/pages\/135\/revisions\/136"}],"wp:attachment":[{"href":"https:\/\/www.itam.ch\/index.php?rest_route=%2Fwp%2Fv2%2Fmedia&parent=135"}],"curies":[{"name":"wp","href":"https:\/\/api.w.org\/{rel}","templated":true}]}}