{"id":130,"date":"2013-09-16T19:04:06","date_gmt":"2013-09-16T17:04:06","guid":{"rendered":"http:\/\/v3.itam.ch\/?page_id=130"},"modified":"2016-07-26T11:49:57","modified_gmt":"2016-07-26T09:49:57","slug":"software-nutzungsrechte","status":"publish","type":"page","link":"https:\/\/www.itam.ch\/?page_id=130","title":{"rendered":"Software-Nutzungsrechte"},"content":{"rendered":"<h1>Inhalt<\/h1>\n<ol>\n<li>Geltung der Bedingungen<\/li>\n<li>Regelungen f\u00fcr itam-Software\n<ol>\n<li>Loginscript<\/li>\n<li>Tools<\/li>\n<li>Auftragsprogrammierungen<\/li>\n<li>Abtretung der Rechte<\/li>\n<\/ol>\n<\/li>\n<li>Software von Drittherstellern<\/li>\n<li>Haftung gegen\u00fcber Dritten<\/li>\n<li>Ende der Nutzungsrechte an itam-Software<\/li>\n<li>Haftungsausschluss<\/li>\n<\/ol>\n<h1>1. Geltung der Bedingungen<\/h1>\n<p>Gest\u00fctzt auf das Urheberrechtsgesetz gelten diese Bestimmungen ausschliesslich f\u00fcr alle Software die von <strong>it and more&#8230; ag<\/strong>, kurz itam,<\/p>\n<ol>\n<li>erstellt wurde und itam \u00fcber die Urheberrechte verf\u00fcgt und<\/li>\n<li>Software von Drittherstellern f\u00fcr die itam im Rahmen der Lizenzbestimmungen \u00fcber ein Nutzungsrecht auf Kundensystemen verf\u00fcgt und<\/li>\n<li>Auftragsprogrammierungen die von itam ausgef\u00fchrt wurden.<\/li>\n<\/ol>\n<p>Die unter 1. erw\u00e4hnte Software wird im Weiteren kurz itam-Software genannt. Weitere Informationen \u00fcber die Funktionen der itam-Software sind auf <a href=\"http:\/\/www.itam.ch\/index.php?itamsoftware\">www.itam.ch<\/a> zu finden.<\/p>\n<p>Nicht davon betroffen ist Software, f\u00fcr die der Kunde eigene Lizenzen erworben hat respektive Software die f\u00fcr die vorgesehene Nutzung frei verf\u00fcgbar ist.<\/p>\n<p>Abweichungen von diesen Bedingungen sind nur wirksam, wenn wir sie schriftlich best\u00e4tigen.<\/p>\n<p>Itam ist berechtigt diese Nutzungsbedingungen jederzeit und ohne Anzeige anzupassen. Es gelten die Allgemeinen Gesch\u00e4ftsbedingungen der it and more\u2026 ag.<\/p>\n<h1>2. Regelungen f\u00fcr itam-Software<\/h1>\n<p>Itam r\u00e4umt in allen F\u00e4llen den Kunden nur ein Nutzungsrecht ein. F\u00fcr itam-Software sind nicht erlaubt (nicht abschliessende Aufz\u00e4hlung): Weitergabe, Verkauf, Modifikation, Reengineering, Deassemblierung, Weiterverwendung in Drittsoftware etc. soweit dies nicht in den folgenden Bestimmungen oder einem separaten Vertrag geregelt ist.<\/p>\n<h2>2.1. Loginscript<\/h2>\n<p>Als Loginscript gilt die itam-Software, die beim Anmelden eines Benutzers gestartet wird. Itam r\u00e4umt den Kunden f\u00fcr das von itam verwaltete System ein uneingeschr\u00e4nktes Nutzungsrecht des Loginscripts f\u00fcr die Dauer der Systembetreuung ein.<\/p>\n<p>Geht die Systembetreuung an Dritte \u00fcber verliert der Kunde dieses Nutzungsrecht oder muss eine einmalige Lizenzgeb\u00fchr bezahlen (siehe Abschnitt 5).<\/p>\n<p>Es besteht kein Anspruch auf Lizenzierung.<\/p>\n<h1>2.2. Tools<\/h1>\n<p>Als Tools gilt die itam-Software, die itam zur effizienten Installation, Konfiguration, \u00dcberwachung etc. von EDV-Systemen hergestellt hat. An dieser itam-Software hat itam ein ausschliessliches Nutzungsrecht. Jegliche Nutzung durch nicht itam-Mitarbeiter oder Beauftragte ist widerrechtlich und berechtigt itam zu Schadenersatz im Sinne des Urheberrechts.<\/p>\n<h1>2.3. Auftragsprogrammierungen<\/h1>\n<p>Als Auftragsprogrammierungen gelten Programme, Scripts etc., die ausschliesslich f\u00fcr einen Kunden programmiert wurden. Nicht darunter f\u00e4llt Software, die nur Anpassungen von itam-Software darstellen resp. zu wesentlichen Teilen aus itam-Software bestehen.<\/p>\n<p>An Software die unter diesem Titel erstellt wurde, erh\u00e4lt der Kunde ein uneingeschr\u00e4nktes Nutzungsrecht. Die Lizenzgeb\u00fchren sind, wenn nicht anders vereinbart, mit dem Programmierauftrag abgegolten.<\/p>\n<p>Das Urheberrecht verbleibt bei itam.<\/p>\n<h1>2.4. Abtretung der Rechte<\/h1>\n<p>Itam kann die Rechte an itam-Software jederzeit ganz oder teilweise an Dritte abtreten.<\/p>\n<h1>3. Software von Drittherstellern<\/h1>\n<p>Itam kann im Rahmen der Systeminstallation und -Betreuung auf die Software Dritter zur\u00fcckgreifen, sofern itam \u00fcber ein entsprechendes Nutzungsrecht verf\u00fcgt.<\/p>\n<p>Kunden erhalten f\u00fcr diese Software KEINE Nutzungsrechte, ausser sie erwerben eigene Lizenzen dieser Software. Eine Nutzung durch den Kunden ist auch dann ausgeschlossen, wenn diese Software auf dem Kundensystem durch itam installiert wurde.<\/p>\n<p>Eine Nutzung solcher Software durch den Kunden stellt automatisch eine Verletzung dieser Nutzungsbedingungen dar und berechtigt den Urheber der Software zu Schadenersatzforderungen gegen\u00fcber dem Kunden.<\/p>\n<h1>4. Haftung gegen\u00fcber Dritten<\/h1>\n<p>F\u00fcr Missachtungen der Lizenzrechte f\u00fcr Software von Drittherstellern im Sinne von Abschnitt 3 und daraus entstehende Schadenersatzforderungen des Rechteinhabers gegen\u00fcber itam haftet der Kunde.<\/p>\n<h1>5. Ende der Nutzungsrechte an itam-Software<\/h1>\n<p>Geht die Systembetreuung an Dritte weiter enden die Nutzungsrechte f\u00fcr itam-Software gem\u00e4ss den obigen Bestimmungen. itam muss die M\u00f6glichkeit gegeben werden, itam-Software und Software von Drittherstellern f\u00fcr die nur itam ein Nutzungsrecht hat, von den Kundensystemen zu entfernen. Es gilt eine einmonatige \u00dcbergangsfrist.<\/p>\n<p>Erh\u00e4lt itam innerhalb eines Monats nach System\u00fcbergabe keinen Zugriff um dies zu vollziehen oder den Vollzug von Dritten zu \u00fcberpr\u00fcfen, ist itam berechtigt einmalig eine Lizenzgeb\u00fchr f\u00fcr die ausschliessliche Nutzung zu verlangen die sich nach der Anzahl Server- und Clientsysteme sowie der sich auf den Kundensystemen befindlichen itam-Software richtet.<\/p>\n<p>Der Kunde ist jederzeit daf\u00fcr verantwortliche, dass diese Nutzungsbestimmungen f\u00fcr itam-Software und die Software von Drittherstellern gem\u00e4ss Abschnitt 3 eingehalten werden.<\/p>\n<p>Stellt itam nachtr\u00e4glich eine widerrechtliche Verwendung oder Verbreitung von itam-Software fest, kann itam Schadenersatz gegen\u00fcber dem Kunden geltend machen. Ausserdem ist itam berechtigt eine allf\u00e4llige Missachtung der Urheberrechte von Software von Drittherstellern gem\u00e4ss Abschnitt 3 den jeweiligen Rechteinhabern anzuzeigen.<\/p>\n<h1>6. Haftungsausschluss<\/h1>\n<p>Itam lehnt jegliche Haftung f\u00fcr Sch\u00e4den aus der Anwendung von itam-Software und der widerrechtlichen Nutzung von Software von Drittherstellern ab.<\/p>\n<p>Lenzburg, im November 2012, Version 1.3\/Wu<\/p>\n","protected":false},"excerpt":{"rendered":"<p>Inhalt Geltung der Bedingungen Regelungen f\u00fcr itam-Software Loginscript Tools Auftragsprogrammierungen Abtretung der Rechte Software von Drittherstellern Haftung gegen\u00fcber Dritten Ende der Nutzungsrechte an itam-Software Haftungsausschluss 1. Geltung der Bedingungen Gest\u00fctzt auf das Urheberrechtsgesetz gelten diese Bestimmungen ausschliesslich f\u00fcr alle Software &hellip; <a href=\"https:\/\/www.itam.ch\/?page_id=130\">Weiterlesen <span class=\"meta-nav\">&rarr;<\/span><\/a><\/p>\n","protected":false},"author":3,"featured_media":0,"parent":0,"menu_order":0,"comment_status":"closed","ping_status":"closed","template":"","meta":{"footnotes":""},"class_list":["post-130","page","type-page","status-publish","hentry"],"_links":{"self":[{"href":"https:\/\/www.itam.ch\/index.php?rest_route=\/wp\/v2\/pages\/130","targetHints":{"allow":["GET"]}}],"collection":[{"href":"https:\/\/www.itam.ch\/index.php?rest_route=\/wp\/v2\/pages"}],"about":[{"href":"https:\/\/www.itam.ch\/index.php?rest_route=\/wp\/v2\/types\/page"}],"author":[{"embeddable":true,"href":"https:\/\/www.itam.ch\/index.php?rest_route=\/wp\/v2\/users\/3"}],"replies":[{"embeddable":true,"href":"https:\/\/www.itam.ch\/index.php?rest_route=%2Fwp%2Fv2%2Fcomments&post=130"}],"version-history":[{"count":4,"href":"https:\/\/www.itam.ch\/index.php?rest_route=\/wp\/v2\/pages\/130\/revisions"}],"predecessor-version":[{"id":375,"href":"https:\/\/www.itam.ch\/index.php?rest_route=\/wp\/v2\/pages\/130\/revisions\/375"}],"wp:attachment":[{"href":"https:\/\/www.itam.ch\/index.php?rest_route=%2Fwp%2Fv2%2Fmedia&parent=130"}],"curies":[{"name":"wp","href":"https:\/\/api.w.org\/{rel}","templated":true}]}}